{"id":1971,"date":"2016-07-20T12:53:01","date_gmt":"2016-07-20T12:53:01","guid":{"rendered":"https:\/\/doutorpragas.pt\/sobre-nos-doutor-pragas-empresas-de-desinfestacao\/"},"modified":"2024-04-12T09:47:28","modified_gmt":"2024-04-12T09:47:28","slug":"sobre-nos-doutor-pragas-empresas-de-desinfestacao","status":"publish","type":"page","link":"https:\/\/doutorpragas.pt\/it\/sobre-nos-doutor-pragas-empresas-de-desinfestacao\/","title":{"rendered":"Sobre N\u00f3s"},"content":{"rendered":"<p>[vc_row][vc_column][vc_column_text]<div id=\"sc_services_335272047_wrap\" class=\"sc_services_wrap\">\r\n     <div id=\"sc_services_335272047\" class=\"sc_services sc_services_style_services-1 sc_services_type_images  margin_bottom_huge aligncenter\" style=\"width:100%;\">\r\n        <h2 class=\"sc_services_title sc_item_title\">Sobre N\u00f3s<\/h2>\r\n        <div class=\"sc_services_descr sc_item_descr\"><p>A DOUTOR PRAGAS presta servi\u00e7os de desinfesta\u00e7\u00e3o de superior qualidade, reconhecimento e<br \/>\nreferenciados. Foi criada para responder \u00e0s necessidades do mercado em mat\u00e9ria de controlo de pragas. Est\u00e1 legalmente constitu\u00edda com c\u00f3digo de atividade econ\u00f3mica 81291 (atividades de desinfesta\u00e7\u00e3o, desratiza\u00e7\u00e3o e similares).<\/p>\n<p>Utilizamos as mais recentes t\u00e9cnicas de combate ao controlo de Pragas, nomeadamente baratas, ratos, formigas, mosquitos, pulgas, carra\u00e7as, entre outras, promovemos uma eficaz presta\u00e7\u00e3o de servi\u00e7os, com seguran\u00e7a e cuidado com as pessoas, com as esp\u00e9cies n\u00e3o alvo e com o meio ambiente.<\/p>\n<p>Os servi\u00e7os de Controlo de Pragas s\u00e3o executados cumprindo com a legisla\u00e7\u00e3o em vigor da<br \/>\nespecialidade e os produtos e m\u00e9todos utilizados s\u00e3o aprovados pelas entidades oficiais<br \/>\ncompetentes. A aplica\u00e7\u00e3o dos produtos obedece \u00e0s regras de uso industrial aprovadas pela<br \/>\nOrganiza\u00e7\u00e3o Mundial de Sa\u00fade e outros organismos internacionais para que apenas as pragas a combater sejam atingidas.<\/p>\n<p>A DOUTOR PRAGAS est\u00e1 em constante inova\u00e7\u00e3o e desenvolvimento, constitui uma grande aposta de qualidade e dinamismo na implementa\u00e7\u00e3o de sistemas de controlo e monitoriza\u00e7\u00e3o de pragas, tanto no \u00e2mbito de resolu\u00e7\u00e3o de problemas como na preven\u00e7\u00e3o dos mesmos. Por essa raz\u00e3o, a<br \/>\npresta\u00e7\u00e3o de um servi\u00e7o de controlo de pragas, deve ser entendido como um servi\u00e7o de confian\u00e7a e parceria.<\/p>\n<p>A DOUTOR PRAGAS \u00e9 composta por uma equipa profissional especializada e com elevado grau de experi\u00eancia na preven\u00e7\u00e3o e combate a pragas. Possui um profundo conhecimento das diversas metodologias utilizadas nos servi\u00e7os que efetua bem como na biologia das pragas que controla.<\/p>\n<p>A DOUTOR PRAGAS presta servi\u00e7os em diversas entidades estabelecimentos de ensino (escolas,<br \/>\ninfant\u00e1rios, creches, etc.), hospitais, cl\u00ednicas, bibliotecas, museus, superf\u00edcies comerciais,<br \/>\nrestaurantes, hot\u00e9is, estabelecimentos prisionais, unidades industriais, condom\u00ednios, edif\u00edcios<br \/>\np\u00fablicos, aeroportos, parques de campismo, c\u00e2maras municipais, instala\u00e7\u00f5es pecu\u00e1rias, navios,<br \/>\naeronaves, entre outros.<\/p>\n<p>A DOUTOR PRAGAS possui na sua empresa um t\u00e9cnico com respons\u00e1vel de controlo de roedores e operador autorizado no controlo de roedores pela dire\u00e7\u00e3o regional do desenvolvimento agr\u00e1rio.<\/p>\n<\/div>\r\n        <div class=\"sc_columns columns_wrap sobre_galeria\" style=\"display:flex;flex-wrap:wrap\">\r\n           <div class=\"column-1_3 column_padding_bottom sobre_galeria_single\" href=\"https:\/\/doutorpragas.pt\/wp-content\/uploads\/2024\/04\/DSC01942-768x512.jpg\">\r\n         <div id=\"sc_services_335272047_1\" class=\"sc_services_item sc_services_item_1 odd first\">\r\n            <div class=\"sc_services_item_featured post_featured\">\r\n               <div class=\"post_thumb sobre_galeria_single_cnt\" data-image=\"https:\/\/doutorpragas.pt\/wp-content\/uploads\/2024\/04\/DSC01942-768x512.jpg\" data-title=\"Commercial Pest Control\">\r\n                  <a class=\"hover_icon hover_icon_link\"><img class=\"wp-post-image\" alt=\"Commercial Pest Control\" src=\"https:\/\/doutorpragas.pt\/wp-content\/uploads\/2024\/04\/DSC01942-768x512.jpg\" width=\"370\" height=\"222\"><\/a>\t\r\n               <\/div>\r\n            <\/div>\r\n            <div class=\"sc_services_item_content\">\r\n               \r\n            <\/div>\r\n         <\/div>\r\n      <\/div><div class=\"column-1_3 column_padding_bottom sobre_galeria_single\" href=\"https:\/\/doutorpragas.pt\/wp-content\/uploads\/2024\/04\/DSC02046-768x512.jpg\">\r\n         <div id=\"sc_services_335272047_1\" class=\"sc_services_item sc_services_item_1 odd first\">\r\n            <div class=\"sc_services_item_featured post_featured\">\r\n               <div class=\"post_thumb sobre_galeria_single_cnt\" data-image=\"https:\/\/doutorpragas.pt\/wp-content\/uploads\/2024\/04\/DSC02046-768x512.jpg\" data-title=\"Commercial Pest Control\">\r\n                  <a class=\"hover_icon hover_icon_link\"><img class=\"wp-post-image\" alt=\"Commercial Pest Control\" src=\"https:\/\/doutorpragas.pt\/wp-content\/uploads\/2024\/04\/DSC02046-768x512.jpg\" width=\"370\" height=\"222\"><\/a>\t\r\n               <\/div>\r\n            <\/div>\r\n            <div class=\"sc_services_item_content\">\r\n               \r\n            <\/div>\r\n         <\/div>\r\n      <\/div><div class=\"column-1_3 column_padding_bottom sobre_galeria_single\" href=\"https:\/\/doutorpragas.pt\/wp-content\/uploads\/2024\/04\/DSC01893-768x512.jpg\">\r\n         <div id=\"sc_services_335272047_1\" class=\"sc_services_item sc_services_item_1 odd first\">\r\n            <div class=\"sc_services_item_featured post_featured\">\r\n               <div class=\"post_thumb sobre_galeria_single_cnt\" data-image=\"https:\/\/doutorpragas.pt\/wp-content\/uploads\/2024\/04\/DSC01893-768x512.jpg\" data-title=\"Commercial Pest Control\">\r\n                  <a class=\"hover_icon hover_icon_link\"><img class=\"wp-post-image\" alt=\"Commercial Pest Control\" src=\"https:\/\/doutorpragas.pt\/wp-content\/uploads\/2024\/04\/DSC01893-768x512.jpg\" width=\"370\" height=\"222\"><\/a>\t\r\n               <\/div>\r\n            <\/div>\r\n            <div class=\"sc_services_item_content\">\r\n               \r\n            <\/div>\r\n         <\/div>\r\n      <\/div>\r\n        <\/div>\r\n     <\/div>\r\n     <!-- \/.sc_services -->\r\n  <\/div>[\/vc_column_text][\/vc_column][\/vc_row]<\/p>\n","protected":false},"excerpt":{"rendered":"<p>[vc_row][vc_column][vc_column_text][\/vc_column_text][\/vc_column][\/vc_row]<\/p>\n","protected":false},"author":1,"featured_media":0,"parent":0,"menu_order":0,"comment_status":"closed","ping_status":"closed","template":"","meta":[],"yoast_head":"<!-- This site is optimized with the Yoast SEO plugin v19.3 - https:\/\/yoast.com\/wordpress\/plugins\/seo\/ -->\n<title>Empresas de Desinfesta\u00e7ao | Doutor Pragas - Controlo de Pragas<\/title>\n<meta name=\"description\" content=\"O Doutor Pragas oferece o conforto de que voc\u00ea necessita. Somos umas das empresas de desinfesta\u00e7\u00e3o em Ponta Delgada, capaz de o ajudar.\" \/>\n<meta name=\"robots\" content=\"index, follow, max-snippet:-1, max-image-preview:large, max-video-preview:-1\" \/>\n<link rel=\"canonical\" href=\"https:\/\/doutorpragas.pt\/it\/sobre-nos-doutor-pragas-empresas-de-desinfestacao\/\" \/>\n<meta property=\"og:locale\" content=\"it_IT\" \/>\n<meta property=\"og:type\" content=\"article\" \/>\n<meta property=\"og:title\" content=\"Empresas de Desinfesta\u00e7ao | Doutor Pragas - Controlo de Pragas\" \/>\n<meta property=\"og:description\" content=\"O Doutor Pragas oferece o conforto de que voc\u00ea necessita. Somos umas das empresas de desinfesta\u00e7\u00e3o em Ponta Delgada, capaz de o ajudar.\" \/>\n<meta property=\"og:url\" content=\"https:\/\/doutorpragas.pt\/it\/sobre-nos-doutor-pragas-empresas-de-desinfestacao\/\" \/>\n<meta property=\"og:site_name\" content=\"Doutor Pragas\" \/>\n<meta property=\"article:modified_time\" content=\"2024-04-12T09:47:28+00:00\" \/>\n<meta name=\"twitter:card\" content=\"summary_large_image\" \/>\n<script type=\"application\/ld+json\" class=\"yoast-schema-graph\">{\"@context\":\"https:\/\/schema.org\",\"@graph\":[{\"@type\":\"WebSite\",\"@id\":\"https:\/\/doutorpragas.pt\/#website\",\"url\":\"https:\/\/doutorpragas.pt\/\",\"name\":\"Doutor Pragas\",\"description\":\"\",\"potentialAction\":[{\"@type\":\"SearchAction\",\"target\":{\"@type\":\"EntryPoint\",\"urlTemplate\":\"https:\/\/doutorpragas.pt\/?s={search_term_string}\"},\"query-input\":\"required name=search_term_string\"}],\"inLanguage\":\"it-IT\"},{\"@type\":\"WebPage\",\"@id\":\"https:\/\/doutorpragas.pt\/it\/sobre-nos-doutor-pragas-empresas-de-desinfestacao\/\",\"url\":\"https:\/\/doutorpragas.pt\/it\/sobre-nos-doutor-pragas-empresas-de-desinfestacao\/\",\"name\":\"Empresas de Desinfesta\u00e7ao | Doutor Pragas - Controlo de Pragas\",\"isPartOf\":{\"@id\":\"https:\/\/doutorpragas.pt\/#website\"},\"datePublished\":\"2016-07-20T12:53:01+00:00\",\"dateModified\":\"2024-04-12T09:47:28+00:00\",\"description\":\"O Doutor Pragas oferece o conforto de que voc\u00ea necessita. Somos umas das empresas de desinfesta\u00e7\u00e3o em Ponta Delgada, capaz de o ajudar.\",\"breadcrumb\":{\"@id\":\"https:\/\/doutorpragas.pt\/it\/sobre-nos-doutor-pragas-empresas-de-desinfestacao\/#breadcrumb\"},\"inLanguage\":\"it-IT\",\"potentialAction\":[{\"@type\":\"ReadAction\",\"target\":[\"https:\/\/doutorpragas.pt\/it\/sobre-nos-doutor-pragas-empresas-de-desinfestacao\/\"]}]},{\"@type\":\"BreadcrumbList\",\"@id\":\"https:\/\/doutorpragas.pt\/it\/sobre-nos-doutor-pragas-empresas-de-desinfestacao\/#breadcrumb\",\"itemListElement\":[{\"@type\":\"ListItem\",\"position\":1,\"name\":\"In\u00edcio\",\"item\":\"https:\/\/doutorpragas.pt\/\"},{\"@type\":\"ListItem\",\"position\":2,\"name\":\"Sobre N\u00f3s\"}]}]}<\/script>\n<!-- \/ Yoast SEO plugin. -->","yoast_head_json":{"title":"Empresas de Desinfesta\u00e7ao | Doutor Pragas - Controlo de Pragas","description":"O Doutor Pragas oferece o conforto de que voc\u00ea necessita. Somos umas das empresas de desinfesta\u00e7\u00e3o em Ponta Delgada, capaz de o ajudar.","robots":{"index":"index","follow":"follow","max-snippet":"max-snippet:-1","max-image-preview":"max-image-preview:large","max-video-preview":"max-video-preview:-1"},"canonical":"https:\/\/doutorpragas.pt\/it\/sobre-nos-doutor-pragas-empresas-de-desinfestacao\/","og_locale":"it_IT","og_type":"article","og_title":"Empresas de Desinfesta\u00e7ao | Doutor Pragas - Controlo de Pragas","og_description":"O Doutor Pragas oferece o conforto de que voc\u00ea necessita. Somos umas das empresas de desinfesta\u00e7\u00e3o em Ponta Delgada, capaz de o ajudar.","og_url":"https:\/\/doutorpragas.pt\/it\/sobre-nos-doutor-pragas-empresas-de-desinfestacao\/","og_site_name":"Doutor Pragas","article_modified_time":"2024-04-12T09:47:28+00:00","twitter_card":"summary_large_image","schema":{"@context":"https:\/\/schema.org","@graph":[{"@type":"WebSite","@id":"https:\/\/doutorpragas.pt\/#website","url":"https:\/\/doutorpragas.pt\/","name":"Doutor Pragas","description":"","potentialAction":[{"@type":"SearchAction","target":{"@type":"EntryPoint","urlTemplate":"https:\/\/doutorpragas.pt\/?s={search_term_string}"},"query-input":"required name=search_term_string"}],"inLanguage":"it-IT"},{"@type":"WebPage","@id":"https:\/\/doutorpragas.pt\/it\/sobre-nos-doutor-pragas-empresas-de-desinfestacao\/","url":"https:\/\/doutorpragas.pt\/it\/sobre-nos-doutor-pragas-empresas-de-desinfestacao\/","name":"Empresas de Desinfesta\u00e7ao | Doutor Pragas - Controlo de Pragas","isPartOf":{"@id":"https:\/\/doutorpragas.pt\/#website"},"datePublished":"2016-07-20T12:53:01+00:00","dateModified":"2024-04-12T09:47:28+00:00","description":"O Doutor Pragas oferece o conforto de que voc\u00ea necessita. Somos umas das empresas de desinfesta\u00e7\u00e3o em Ponta Delgada, capaz de o ajudar.","breadcrumb":{"@id":"https:\/\/doutorpragas.pt\/it\/sobre-nos-doutor-pragas-empresas-de-desinfestacao\/#breadcrumb"},"inLanguage":"it-IT","potentialAction":[{"@type":"ReadAction","target":["https:\/\/doutorpragas.pt\/it\/sobre-nos-doutor-pragas-empresas-de-desinfestacao\/"]}]},{"@type":"BreadcrumbList","@id":"https:\/\/doutorpragas.pt\/it\/sobre-nos-doutor-pragas-empresas-de-desinfestacao\/#breadcrumb","itemListElement":[{"@type":"ListItem","position":1,"name":"In\u00edcio","item":"https:\/\/doutorpragas.pt\/"},{"@type":"ListItem","position":2,"name":"Sobre N\u00f3s"}]}]}},"_links":{"self":[{"href":"https:\/\/doutorpragas.pt\/it\/wp-json\/wp\/v2\/pages\/1971"}],"collection":[{"href":"https:\/\/doutorpragas.pt\/it\/wp-json\/wp\/v2\/pages"}],"about":[{"href":"https:\/\/doutorpragas.pt\/it\/wp-json\/wp\/v2\/types\/page"}],"author":[{"embeddable":true,"href":"https:\/\/doutorpragas.pt\/it\/wp-json\/wp\/v2\/users\/1"}],"replies":[{"embeddable":true,"href":"https:\/\/doutorpragas.pt\/it\/wp-json\/wp\/v2\/comments?post=1971"}],"version-history":[{"count":3,"href":"https:\/\/doutorpragas.pt\/it\/wp-json\/wp\/v2\/pages\/1971\/revisions"}],"predecessor-version":[{"id":2110,"href":"https:\/\/doutorpragas.pt\/it\/wp-json\/wp\/v2\/pages\/1971\/revisions\/2110"}],"wp:attachment":[{"href":"https:\/\/doutorpragas.pt\/it\/wp-json\/wp\/v2\/media?parent=1971"}],"curies":[{"name":"wp","href":"https:\/\/api.w.org\/{rel}","templated":true}]}}