{"id":1961,"date":"2022-05-16T21:14:22","date_gmt":"2022-05-16T21:14:22","guid":{"rendered":"https:\/\/doutorpragas.pt\/doutor-pragas-orcamentos-gratis\/"},"modified":"2022-12-07T17:55:51","modified_gmt":"2022-12-07T17:55:51","slug":"doutor-pragas-orcamentos-gratis","status":"publish","type":"page","link":"https:\/\/doutorpragas.pt\/it\/doutor-pragas-orcamentos-gratis\/","title":{"rendered":"Or\u00e7amento"},"content":{"rendered":"<p>[vc_row css=&#8221;.vc_custom_1468937449365{margin-bottom: 2.15rem !important;}&#8221;][vc_column][vc_column_text]<section class=\"post_featured\" style=\"margin-top:4rem\">\r\n         <div class=\"post_thumb\" data-image=\"https:\/\/doutorpragas.pt\/wp-content\/uploads\/2022\/06\/DSC02236-768x432.jpg\" data-title=\"\">\r\n            <a class=\"hover_icon hover_icon_view inited\" title=\"\" rel=\"prettyPhoto[slideshow]\"><img class=\"wp-post-image orcamento_imagem\" alt=\"\" src=\"https:\/\/doutorpragas.pt\/wp-content\/uploads\/2022\/06\/DSC02236-768x432.jpg\" itemprop=\"image\" width=\"1170\" height=\"659\"><\/a>\r\n         <\/div>\r\n      <\/section>\r\n   <div class=\"orcamento_formulario\">\r\n      <h2 class=\"sc_title sc_title_regular margin_bottom_medium\" style=\"margin-top:2rem\">Pedir Or\u00e7amento<\/h2>\r\n      <div role=\"form\" class=\"wpcf7\" id=\"wpcf7-f1946-o1\" lang=\"it-IT\" dir=\"ltr\">\n<div class=\"screen-reader-response\"><p role=\"status\" aria-live=\"polite\" aria-atomic=\"true\"><\/p> <ul><\/ul><\/div>\n<form action=\"\/it\/wp-json\/wp\/v2\/pages\/1961#wpcf7-f1946-o1\" method=\"post\" class=\"wpcf7-form init\" novalidate=\"novalidate\" data-status=\"init\">\n<div style=\"display: none;\">\n<input type=\"hidden\" name=\"_wpcf7\" value=\"1946\" \/>\n<input type=\"hidden\" name=\"_wpcf7_version\" value=\"5.5.6\" \/>\n<input type=\"hidden\" name=\"_wpcf7_locale\" value=\"it_IT\" \/>\n<input type=\"hidden\" name=\"_wpcf7_unit_tag\" value=\"wpcf7-f1946-o1\" \/>\n<input type=\"hidden\" name=\"_wpcf7_container_post\" value=\"0\" \/>\n<input type=\"hidden\" name=\"_wpcf7_posted_data_hash\" value=\"\" \/>\n<input type=\"hidden\" name=\"_wpcf7_recaptcha_response\" value=\"\" \/>\n<\/div>\n<div class=\"send_message\">\n<div class=\"orcamento_form\" style=\"display:flex; flex-wrap: wrap\">\n<div class=\"column-1_2\">\n<label><br \/>\n    <span class=\"wpcf7-form-control-wrap nome\"><input type=\"text\" name=\"nome\" value=\"\" size=\"40\" class=\"wpcf7-form-control wpcf7-text wpcf7-validates-as-required\" aria-required=\"true\" aria-invalid=\"false\" placeholder=\"Nome*\" \/><\/span> <\/label>\n<\/div>\n<div class=\"column-1_2\">\n<label><br \/>\n    <span class=\"wpcf7-form-control-wrap email\"><input type=\"email\" name=\"email\" value=\"\" size=\"40\" class=\"wpcf7-form-control wpcf7-text wpcf7-email wpcf7-validates-as-required wpcf7-validates-as-email\" aria-required=\"true\" aria-invalid=\"false\" placeholder=\"Email*\" \/><\/span> <\/label>\n<\/div>\n<div class=\"column-1_2\">\n<label><br \/>\n    <span class=\"wpcf7-form-control-wrap servico\"><select name=\"servico\" class=\"wpcf7-form-control wpcf7-select wpcf7-validates-as-required\" aria-required=\"true\" aria-invalid=\"false\"><option value=\"Servizio*\">Servizio*<\/option><option value=\"Tratamento de T\u00e9rmitas\">Tratamento de T\u00e9rmitas<\/option><option value=\"Roedores\">Roedores<\/option><option value=\"Insetos\">Insetos<\/option><option value=\"Tratamentos por Expurgo\">Tratamentos por Expurgo<\/option><\/select><\/span> <\/label>\n<\/div>\n<div class=\"column-1_2\">\n<label><br \/>\n    <span class=\"wpcf7-form-control-wrap telefone\"><input type=\"tel\" name=\"telefone\" value=\"\" size=\"40\" class=\"wpcf7-form-control wpcf7-text wpcf7-tel wpcf7-validates-as-required wpcf7-validates-as-tel\" aria-required=\"true\" aria-invalid=\"false\" placeholder=\"Telefono*\" \/><\/span> <\/label>\n<\/div>\n<\/div>\n<p><label><br \/>\n    <span class=\"wpcf7-form-control-wrap your-message\"><textarea name=\"your-message\" cols=\"40\" rows=\"10\" class=\"wpcf7-form-control wpcf7-textarea\" aria-invalid=\"false\" placeholder=\"Messaggio\"><\/textarea><\/span> <\/label><\/p>\n<div style=\"display:flex;align-items: center;\"><span class=\"wpcf7-form-control-wrap your-consent\"><span class=\"wpcf7-form-control wpcf7-acceptance\"><span class=\"wpcf7-list-item\"><label><input type=\"checkbox\" name=\"your-consent\" value=\"1\" aria-invalid=\"false\" \/><span class=\"wpcf7-list-item-label\">&nbsp;<\/span><\/label><\/span><\/span><\/span><\/p>\n<p>Ho letto e accetto il <a href=\"https:\/\/doutorpragas.pt\/termos-condicoes\/\" target=\"_blank\"> Termini e Condizioni <\/a> e il <a href=\"https:\/\/doutorpragas.pt\/politica-privacidade\/\" target=\"_blank\"> Politica sulla Privacy<\/a>.<\/p>\n<\/div>\n<span class=\"wpcf7-form-control-wrap recaptcha\"><span data-sitekey=\"6Ld3tgIhAAAAALWfaYMczDWRJDBFVTXRqjhIZydg\" class=\"wpcf7-form-control g-recaptcha wpcf7-recaptcha\"><\/span>\r\n<noscript>\r\n\t<div class=\"grecaptcha-noscript\">\r\n\t\t<iframe src=\"https:\/\/www.google.com\/recaptcha\/api\/fallback?k=6Ld3tgIhAAAAALWfaYMczDWRJDBFVTXRqjhIZydg\" frameborder=\"0\" scrolling=\"no\" width=\"310\" height=\"430\">\r\n\t\t<\/iframe>\r\n\t\t<textarea name=\"g-recaptcha-response\" rows=\"3\" cols=\"40\" placeholder=\"reCaptcha Response Here\">\r\n\t\t<\/textarea>\r\n\t<\/div>\r\n<\/noscript>\r\n<\/span>\n<p><input type=\"submit\" value=\"Ordine\" class=\"wpcf7-form-control has-spinner wpcf7-submit\" \/>\n<\/p><\/div>\n<div class=\"wpcf7-response-output\" aria-hidden=\"true\"><\/div><\/form><\/div>\r\n   <\/div>[\/vc_column_text][\/vc_column][\/vc_row]<\/p>\n","protected":false},"excerpt":{"rendered":"<p>[vc_row css=&#8221;.vc_custom_1468937449365{margin-bottom: 2.15rem !important;}&#8221;][vc_column][vc_column_text][\/vc_column_text][\/vc_column][\/vc_row]<\/p>\n","protected":false},"author":1,"featured_media":0,"parent":0,"menu_order":0,"comment_status":"closed","ping_status":"closed","template":"","meta":[],"yoast_head":"<!-- This site is optimized with the Yoast SEO plugin v19.3 - https:\/\/yoast.com\/wordpress\/plugins\/seo\/ -->\n<title>Pe\u00e7a-nos um Or\u00e7amento e Viva com Tranquilidade! - Doutor Pragas<\/title>\n<meta name=\"description\" content=\"N\u00e3o viva mais com medo e assegure a sua higiene e a do seu espa\u00e7o. Pe\u00e7a-nos um or\u00e7amento gratuito para uma vida mais tranquila.\" \/>\n<meta name=\"robots\" content=\"index, follow, max-snippet:-1, max-image-preview:large, max-video-preview:-1\" \/>\n<link rel=\"canonical\" href=\"https:\/\/doutorpragas.pt\/doutor-pragas-orcamentos-gratis\/\" \/>\n<meta property=\"og:locale\" content=\"it_IT\" \/>\n<meta property=\"og:type\" content=\"article\" \/>\n<meta property=\"og:title\" content=\"Pe\u00e7a-nos um Or\u00e7amento e Viva com Tranquilidade! - Doutor Pragas\" \/>\n<meta property=\"og:description\" content=\"N\u00e3o viva mais com medo e assegure a sua higiene e a do seu espa\u00e7o. Pe\u00e7a-nos um or\u00e7amento gratuito para uma vida mais tranquila.\" \/>\n<meta property=\"og:url\" content=\"https:\/\/doutorpragas.pt\/doutor-pragas-orcamentos-gratis\/\" \/>\n<meta property=\"og:site_name\" content=\"Doutor Pragas\" \/>\n<meta property=\"article:modified_time\" content=\"2022-12-07T17:55:51+00:00\" \/>\n<meta name=\"twitter:card\" content=\"summary_large_image\" \/>\n<script type=\"application\/ld+json\" class=\"yoast-schema-graph\">{\"@context\":\"https:\/\/schema.org\",\"@graph\":[{\"@type\":\"WebSite\",\"@id\":\"https:\/\/doutorpragas.pt\/#website\",\"url\":\"https:\/\/doutorpragas.pt\/\",\"name\":\"Doutor Pragas\",\"description\":\"\",\"potentialAction\":[{\"@type\":\"SearchAction\",\"target\":{\"@type\":\"EntryPoint\",\"urlTemplate\":\"https:\/\/doutorpragas.pt\/?s={search_term_string}\"},\"query-input\":\"required name=search_term_string\"}],\"inLanguage\":\"it-IT\"},{\"@type\":\"WebPage\",\"@id\":\"https:\/\/doutorpragas.pt\/doutor-pragas-orcamentos-gratis\/\",\"url\":\"https:\/\/doutorpragas.pt\/doutor-pragas-orcamentos-gratis\/\",\"name\":\"Pe\u00e7a-nos um Or\u00e7amento e Viva com Tranquilidade! - Doutor Pragas\",\"isPartOf\":{\"@id\":\"https:\/\/doutorpragas.pt\/#website\"},\"datePublished\":\"2022-05-16T21:14:22+00:00\",\"dateModified\":\"2022-12-07T17:55:51+00:00\",\"description\":\"N\u00e3o viva mais com medo e assegure a sua higiene e a do seu espa\u00e7o. Pe\u00e7a-nos um or\u00e7amento gratuito para uma vida mais tranquila.\",\"breadcrumb\":{\"@id\":\"https:\/\/doutorpragas.pt\/doutor-pragas-orcamentos-gratis\/#breadcrumb\"},\"inLanguage\":\"it-IT\",\"potentialAction\":[{\"@type\":\"ReadAction\",\"target\":[\"https:\/\/doutorpragas.pt\/doutor-pragas-orcamentos-gratis\/\"]}]},{\"@type\":\"BreadcrumbList\",\"@id\":\"https:\/\/doutorpragas.pt\/doutor-pragas-orcamentos-gratis\/#breadcrumb\",\"itemListElement\":[{\"@type\":\"ListItem\",\"position\":1,\"name\":\"In\u00edcio\",\"item\":\"https:\/\/doutorpragas.pt\/\"},{\"@type\":\"ListItem\",\"position\":2,\"name\":\"Or\u00e7amento\"}]}]}<\/script>\n<!-- \/ Yoast SEO plugin. -->","yoast_head_json":{"title":"Pe\u00e7a-nos um Or\u00e7amento e Viva com Tranquilidade! - Doutor Pragas","description":"N\u00e3o viva mais com medo e assegure a sua higiene e a do seu espa\u00e7o. Pe\u00e7a-nos um or\u00e7amento gratuito para uma vida mais tranquila.","robots":{"index":"index","follow":"follow","max-snippet":"max-snippet:-1","max-image-preview":"max-image-preview:large","max-video-preview":"max-video-preview:-1"},"canonical":"https:\/\/doutorpragas.pt\/doutor-pragas-orcamentos-gratis\/","og_locale":"it_IT","og_type":"article","og_title":"Pe\u00e7a-nos um Or\u00e7amento e Viva com Tranquilidade! - Doutor Pragas","og_description":"N\u00e3o viva mais com medo e assegure a sua higiene e a do seu espa\u00e7o. Pe\u00e7a-nos um or\u00e7amento gratuito para uma vida mais tranquila.","og_url":"https:\/\/doutorpragas.pt\/doutor-pragas-orcamentos-gratis\/","og_site_name":"Doutor Pragas","article_modified_time":"2022-12-07T17:55:51+00:00","twitter_card":"summary_large_image","schema":{"@context":"https:\/\/schema.org","@graph":[{"@type":"WebSite","@id":"https:\/\/doutorpragas.pt\/#website","url":"https:\/\/doutorpragas.pt\/","name":"Doutor Pragas","description":"","potentialAction":[{"@type":"SearchAction","target":{"@type":"EntryPoint","urlTemplate":"https:\/\/doutorpragas.pt\/?s={search_term_string}"},"query-input":"required name=search_term_string"}],"inLanguage":"it-IT"},{"@type":"WebPage","@id":"https:\/\/doutorpragas.pt\/doutor-pragas-orcamentos-gratis\/","url":"https:\/\/doutorpragas.pt\/doutor-pragas-orcamentos-gratis\/","name":"Pe\u00e7a-nos um Or\u00e7amento e Viva com Tranquilidade! - Doutor Pragas","isPartOf":{"@id":"https:\/\/doutorpragas.pt\/#website"},"datePublished":"2022-05-16T21:14:22+00:00","dateModified":"2022-12-07T17:55:51+00:00","description":"N\u00e3o viva mais com medo e assegure a sua higiene e a do seu espa\u00e7o. Pe\u00e7a-nos um or\u00e7amento gratuito para uma vida mais tranquila.","breadcrumb":{"@id":"https:\/\/doutorpragas.pt\/doutor-pragas-orcamentos-gratis\/#breadcrumb"},"inLanguage":"it-IT","potentialAction":[{"@type":"ReadAction","target":["https:\/\/doutorpragas.pt\/doutor-pragas-orcamentos-gratis\/"]}]},{"@type":"BreadcrumbList","@id":"https:\/\/doutorpragas.pt\/doutor-pragas-orcamentos-gratis\/#breadcrumb","itemListElement":[{"@type":"ListItem","position":1,"name":"In\u00edcio","item":"https:\/\/doutorpragas.pt\/"},{"@type":"ListItem","position":2,"name":"Or\u00e7amento"}]}]}},"_links":{"self":[{"href":"https:\/\/doutorpragas.pt\/it\/wp-json\/wp\/v2\/pages\/1961"}],"collection":[{"href":"https:\/\/doutorpragas.pt\/it\/wp-json\/wp\/v2\/pages"}],"about":[{"href":"https:\/\/doutorpragas.pt\/it\/wp-json\/wp\/v2\/types\/page"}],"author":[{"embeddable":true,"href":"https:\/\/doutorpragas.pt\/it\/wp-json\/wp\/v2\/users\/1"}],"replies":[{"embeddable":true,"href":"https:\/\/doutorpragas.pt\/it\/wp-json\/wp\/v2\/comments?post=1961"}],"version-history":[{"count":1,"href":"https:\/\/doutorpragas.pt\/it\/wp-json\/wp\/v2\/pages\/1961\/revisions"}],"predecessor-version":[{"id":1963,"href":"https:\/\/doutorpragas.pt\/it\/wp-json\/wp\/v2\/pages\/1961\/revisions\/1963"}],"wp:attachment":[{"href":"https:\/\/doutorpragas.pt\/it\/wp-json\/wp\/v2\/media?parent=1961"}],"curies":[{"name":"wp","href":"https:\/\/api.w.org\/{rel}","templated":true}]}}