{"id":1327,"date":"2016-07-20T13:27:33","date_gmt":"2016-07-20T13:27:33","guid":{"rendered":"http:\/\/doutorpragas.pt\/services\/"},"modified":"2022-07-13T15:07:04","modified_gmt":"2022-07-13T15:07:04","slug":"services-antiparasitaire","status":"publish","type":"page","link":"https:\/\/doutorpragas.pt\/fr\/services-antiparasitaire\/","title":{"rendered":"Services"},"content":{"rendered":"<p>[vc_row][vc_column][vc_column_text]<div class=\"sc_section\">\r\n     <div class=\"sc_section_inner\">\r\n        <h2 class=\"sc_section_title sc_item_title\"><\/h2>\r\n        <div class=\"sc_section_descr sc_item_descr\"><\/div>\r\n        <div class=\"sc_section_content_wrap\">\r\n           <div id=\"sc_services_1297341116_wrap\" class=\"sc_services_wrap\">\r\n              <div id=\"sc_services_1297341116\" class=\"sc_services sc_services_style_services-2 sc_services_type_images  margin_bottom_huge\" style=\"width:100%;\">\r\n                 <div class=\"sc_columns columns_wrap servicos_container\" style=\"display:flex; flex-wrap:wrap\">\r\n                    <div class=\"column-1_3 column_padding_bottom\">\r\n         <div id=\"sc_services_1297341116_1\" class=\"sc_services_item sc_services_item_1 odd first\">\r\n            <div class=\"sc_services_item_featured post_featured\">\r\n               <div class=\"post_thumb\" data-image=\"https:\/\/doutorpragas.pt\/wp-content\/uploads\/2024\/04\/DSC02224-768x512.jpg\" data-title=\"Insect Control\">\r\n                  <a class=\"hover_icon hover_icon_link\" href=\"https:\/\/doutorpragas.pt\/fr\/servico\/tratamento-de-termitas\/\"><img class=\"wp-post-image\" alt=\"Insect Control\" src=\"https:\/\/doutorpragas.pt\/wp-content\/uploads\/2024\/04\/DSC02224-768x512.jpg\" ><\/a>\t\r\n               <\/div>\r\n               <h4 class=\"sc_services_item_title\"><a href=\"https:\/\/doutorpragas.pt\/fr\/servico\/tratamento-de-termitas\/\"><span>Tratamento de T\u00e9rmitas<\/span><\/a><\/h4>\r\n            <\/div>\r\n            <div class=\"sc_services_item_content\">\r\n               <div class=\"services_container\">\r\n                  <a href=\"https:\/\/doutorpragas.pt\/fr\/servico\/tratamento-de-termitas\/\"><span class=\"sc_icon icon-icon_insect\"><\/span><\/a>\r\n                  <h4 class=\"sc_services_item_title\"><a href=\"https:\/\/doutorpragas.pt\/fr\/servico\/tratamento-de-termitas\/\">Tratamento de T\u00e9rmitas<\/a><\/h4>\r\n                  <div class=\"sc_services_item_description\">\r\n                     Elimine de uma vez por todas as t\u00e9rmitas! As t\u00e9rmitas, min\u00fasculos e aparentemente inofensivos insetos,\u2026\r\n                  <\/div>\r\n               <\/div>\r\n            <\/div>\r\n         <\/div>\r\n      <\/div><div class=\"column-1_3 column_padding_bottom\">\r\n         <div id=\"sc_services_1297341116_1\" class=\"sc_services_item sc_services_item_1 odd first\">\r\n            <div class=\"sc_services_item_featured post_featured\">\r\n               <div class=\"post_thumb\" data-image=\"https:\/\/doutorpragas.pt\/wp-content\/uploads\/2022\/05\/side-view-gooseberry-bowl-with-hamster-eating-hazelnut-dark-brown-768x512.jpg\" data-title=\"Insect Control\">\r\n                  <a class=\"hover_icon hover_icon_link\" href=\"https:\/\/doutorpragas.pt\/fr\/servico\/roedores\/\"><img class=\"wp-post-image\" alt=\"Insect Control\" src=\"https:\/\/doutorpragas.pt\/wp-content\/uploads\/2022\/05\/side-view-gooseberry-bowl-with-hamster-eating-hazelnut-dark-brown-768x512.jpg\" ><\/a>\t\r\n               <\/div>\r\n               <h4 class=\"sc_services_item_title\"><a href=\"https:\/\/doutorpragas.pt\/fr\/servico\/roedores\/\"><span>Rongeurs<\/span><\/a><\/h4>\r\n            <\/div>\r\n            <div class=\"sc_services_item_content\">\r\n               <div class=\"services_container\">\r\n                  <a href=\"https:\/\/doutorpragas.pt\/fr\/servico\/roedores\/\"><span class=\"sc_icon icon-icon_insect\"><\/span><\/a>\r\n                  <h4 class=\"sc_services_item_title\"><a href=\"https:\/\/doutorpragas.pt\/fr\/servico\/roedores\/\">Rongeurs<\/a><\/h4>\r\n                  <div class=\"sc_services_item_description\">\r\n                     Saviez-vous qu\u2019un couple de souris peut avoir jusqu\u2019\u00e0 2000 petits par an? Oui, les rats\u2026\r\n                  <\/div>\r\n               <\/div>\r\n            <\/div>\r\n         <\/div>\r\n      <\/div><div class=\"column-1_3 column_padding_bottom\">\r\n         <div id=\"sc_services_1297341116_1\" class=\"sc_services_item sc_services_item_1 odd first\">\r\n            <div class=\"sc_services_item_featured post_featured\">\r\n               <div class=\"post_thumb\" data-image=\"https:\/\/doutorpragas.pt\/wp-content\/uploads\/2022\/05\/closeup-shot-insect-fly-resting-leaf-with-blurred-space-768x432.jpg\" data-title=\"Insect Control\">\r\n                  <a class=\"hover_icon hover_icon_link\" href=\"https:\/\/doutorpragas.pt\/fr\/servico\/insetos\/\"><img class=\"wp-post-image\" alt=\"Insect Control\" src=\"https:\/\/doutorpragas.pt\/wp-content\/uploads\/2022\/05\/closeup-shot-insect-fly-resting-leaf-with-blurred-space-768x432.jpg\" ><\/a>\t\r\n               <\/div>\r\n               <h4 class=\"sc_services_item_title\"><a href=\"https:\/\/doutorpragas.pt\/fr\/servico\/insetos\/\"><span>Insectes<\/span><\/a><\/h4>\r\n            <\/div>\r\n            <div class=\"sc_services_item_content\">\r\n               <div class=\"services_container\">\r\n                  <a href=\"https:\/\/doutorpragas.pt\/fr\/servico\/insetos\/\"><span class=\"sc_icon icon-icon_insect\"><\/span><\/a>\r\n                  <h4 class=\"sc_services_item_title\"><a href=\"https:\/\/doutorpragas.pt\/fr\/servico\/insetos\/\">Insectes<\/a><\/h4>\r\n                  <div class=\"sc_services_item_description\">\r\n                     Le climat, la faune, la flore et la facilit\u00e9 d\u2019acc\u00e8s \u00e0 la nourriture font des\u2026\r\n                  <\/div>\r\n               <\/div>\r\n            <\/div>\r\n         <\/div>\r\n      <\/div><div class=\"column-1_3 column_padding_bottom\">\r\n         <div id=\"sc_services_1297341116_1\" class=\"sc_services_item sc_services_item_1 odd first\">\r\n            <div class=\"sc_services_item_featured post_featured\">\r\n               <div class=\"post_thumb\" data-image=\"https:\/\/doutorpragas.pt\/wp-content\/uploads\/2022\/05\/DSC02084-768x512.jpg\" data-title=\"Insect Control\">\r\n                  <a class=\"hover_icon hover_icon_link\" href=\"https:\/\/doutorpragas.pt\/fr\/servico\/tratamentos-por-expurgo\/\"><img class=\"wp-post-image\" alt=\"Insect Control\" src=\"https:\/\/doutorpragas.pt\/wp-content\/uploads\/2022\/05\/DSC02084-768x512.jpg\" ><\/a>\t\r\n               <\/div>\r\n               <h4 class=\"sc_services_item_title\"><a href=\"https:\/\/doutorpragas.pt\/fr\/servico\/tratamentos-por-expurgo\/\"><span>Traitements par Purge<\/span><\/a><\/h4>\r\n            <\/div>\r\n            <div class=\"sc_services_item_content\">\r\n               <div class=\"services_container\">\r\n                  <a href=\"https:\/\/doutorpragas.pt\/fr\/servico\/tratamentos-por-expurgo\/\"><span class=\"sc_icon icon-icon_insect\"><\/span><\/a>\r\n                  <h4 class=\"sc_services_item_title\"><a href=\"https:\/\/doutorpragas.pt\/fr\/servico\/tratamentos-por-expurgo\/\">Traitements par Purge<\/a><\/h4>\r\n                  <div class=\"sc_services_item_description\">\r\n                     Dans le but d\u2019\u00e9liminer tout type d\u2019organismes nuisibles tels que les chardons, les acariens et\u2026\r\n                  <\/div>\r\n               <\/div>\r\n            <\/div>\r\n         <\/div>\r\n      <\/div>\r\n                 <\/div>\r\n              <\/div>\r\n              <!-- \/.sc_services -->\r\n           <\/div>\r\n           <!-- \/.sc_services_wrap -->\r\n        <\/div>\r\n     <\/div>\r\n  <\/div>[\/vc_column_text][\/vc_column][\/vc_row]<\/p>\n","protected":false},"excerpt":{"rendered":"<p>[vc_row][vc_column][vc_column_text][\/vc_column_text][\/vc_column][\/vc_row]<\/p>\n","protected":false},"author":1,"featured_media":0,"parent":0,"menu_order":0,"comment_status":"closed","ping_status":"closed","template":"","meta":[],"yoast_head":"<!-- This site is optimized with the Yoast SEO plugin v19.3 - https:\/\/yoast.com\/wordpress\/plugins\/seo\/ -->\n<title>Services Antiparasitaire | Votre confort, Notre Solution - Doutor Pragas<\/title>\n<meta name=\"description\" content=\"Chez Doctor Pragas, nous vous offrons une meilleure qualit\u00e9 de vie gr\u00e2ce \u00e0 nos services de lutte antiparasitaire.\" \/>\n<meta name=\"robots\" content=\"index, follow, max-snippet:-1, max-image-preview:large, max-video-preview:-1\" \/>\n<link rel=\"canonical\" href=\"https:\/\/doutorpragas.pt\/fr\/services-antiparasitaire\/\" \/>\n<meta property=\"og:locale\" content=\"fr_FR\" \/>\n<meta property=\"og:type\" content=\"article\" \/>\n<meta property=\"og:title\" content=\"Services Antiparasitaire | Votre confort, Notre Solution - Doutor Pragas\" \/>\n<meta property=\"og:description\" content=\"Chez Doctor Pragas, nous vous offrons une meilleure qualit\u00e9 de vie gr\u00e2ce \u00e0 nos services de lutte antiparasitaire.\" \/>\n<meta property=\"og:url\" content=\"https:\/\/doutorpragas.pt\/fr\/services-antiparasitaire\/\" \/>\n<meta property=\"og:site_name\" content=\"Doutor Pragas\" \/>\n<meta property=\"article:modified_time\" content=\"2022-07-13T15:07:04+00:00\" \/>\n<meta name=\"twitter:card\" content=\"summary_large_image\" \/>\n<script type=\"application\/ld+json\" class=\"yoast-schema-graph\">{\"@context\":\"https:\/\/schema.org\",\"@graph\":[{\"@type\":\"WebSite\",\"@id\":\"https:\/\/doutorpragas.pt\/#website\",\"url\":\"https:\/\/doutorpragas.pt\/\",\"name\":\"Doutor Pragas\",\"description\":\"\",\"potentialAction\":[{\"@type\":\"SearchAction\",\"target\":{\"@type\":\"EntryPoint\",\"urlTemplate\":\"https:\/\/doutorpragas.pt\/?s={search_term_string}\"},\"query-input\":\"required name=search_term_string\"}],\"inLanguage\":\"fr-FR\"},{\"@type\":\"WebPage\",\"@id\":\"https:\/\/doutorpragas.pt\/fr\/services-antiparasitaire\/\",\"url\":\"https:\/\/doutorpragas.pt\/fr\/services-antiparasitaire\/\",\"name\":\"Services Antiparasitaire | Votre confort, Notre Solution - Doutor Pragas\",\"isPartOf\":{\"@id\":\"https:\/\/doutorpragas.pt\/#website\"},\"datePublished\":\"2016-07-20T13:27:33+00:00\",\"dateModified\":\"2022-07-13T15:07:04+00:00\",\"description\":\"Chez Doctor Pragas, nous vous offrons une meilleure qualit\u00e9 de vie gr\u00e2ce \u00e0 nos services de lutte antiparasitaire.\",\"breadcrumb\":{\"@id\":\"https:\/\/doutorpragas.pt\/fr\/services-antiparasitaire\/#breadcrumb\"},\"inLanguage\":\"fr-FR\",\"potentialAction\":[{\"@type\":\"ReadAction\",\"target\":[\"https:\/\/doutorpragas.pt\/fr\/services-antiparasitaire\/\"]}]},{\"@type\":\"BreadcrumbList\",\"@id\":\"https:\/\/doutorpragas.pt\/fr\/services-antiparasitaire\/#breadcrumb\",\"itemListElement\":[{\"@type\":\"ListItem\",\"position\":1,\"name\":\"In\u00edcio\",\"item\":\"https:\/\/doutorpragas.pt\/fr\/\"},{\"@type\":\"ListItem\",\"position\":2,\"name\":\"Services\"}]}]}<\/script>\n<!-- \/ Yoast SEO plugin. -->","yoast_head_json":{"title":"Services Antiparasitaire | Votre confort, Notre Solution - Doutor Pragas","description":"Chez Doctor Pragas, nous vous offrons une meilleure qualit\u00e9 de vie gr\u00e2ce \u00e0 nos services de lutte antiparasitaire.","robots":{"index":"index","follow":"follow","max-snippet":"max-snippet:-1","max-image-preview":"max-image-preview:large","max-video-preview":"max-video-preview:-1"},"canonical":"https:\/\/doutorpragas.pt\/fr\/services-antiparasitaire\/","og_locale":"fr_FR","og_type":"article","og_title":"Services Antiparasitaire | Votre confort, Notre Solution - Doutor Pragas","og_description":"Chez Doctor Pragas, nous vous offrons une meilleure qualit\u00e9 de vie gr\u00e2ce \u00e0 nos services de lutte antiparasitaire.","og_url":"https:\/\/doutorpragas.pt\/fr\/services-antiparasitaire\/","og_site_name":"Doutor Pragas","article_modified_time":"2022-07-13T15:07:04+00:00","twitter_card":"summary_large_image","schema":{"@context":"https:\/\/schema.org","@graph":[{"@type":"WebSite","@id":"https:\/\/doutorpragas.pt\/#website","url":"https:\/\/doutorpragas.pt\/","name":"Doutor Pragas","description":"","potentialAction":[{"@type":"SearchAction","target":{"@type":"EntryPoint","urlTemplate":"https:\/\/doutorpragas.pt\/?s={search_term_string}"},"query-input":"required name=search_term_string"}],"inLanguage":"fr-FR"},{"@type":"WebPage","@id":"https:\/\/doutorpragas.pt\/fr\/services-antiparasitaire\/","url":"https:\/\/doutorpragas.pt\/fr\/services-antiparasitaire\/","name":"Services Antiparasitaire | Votre confort, Notre Solution - Doutor Pragas","isPartOf":{"@id":"https:\/\/doutorpragas.pt\/#website"},"datePublished":"2016-07-20T13:27:33+00:00","dateModified":"2022-07-13T15:07:04+00:00","description":"Chez Doctor Pragas, nous vous offrons une meilleure qualit\u00e9 de vie gr\u00e2ce \u00e0 nos services de lutte antiparasitaire.","breadcrumb":{"@id":"https:\/\/doutorpragas.pt\/fr\/services-antiparasitaire\/#breadcrumb"},"inLanguage":"fr-FR","potentialAction":[{"@type":"ReadAction","target":["https:\/\/doutorpragas.pt\/fr\/services-antiparasitaire\/"]}]},{"@type":"BreadcrumbList","@id":"https:\/\/doutorpragas.pt\/fr\/services-antiparasitaire\/#breadcrumb","itemListElement":[{"@type":"ListItem","position":1,"name":"In\u00edcio","item":"https:\/\/doutorpragas.pt\/fr\/"},{"@type":"ListItem","position":2,"name":"Services"}]}]}},"_links":{"self":[{"href":"https:\/\/doutorpragas.pt\/fr\/wp-json\/wp\/v2\/pages\/1327"}],"collection":[{"href":"https:\/\/doutorpragas.pt\/fr\/wp-json\/wp\/v2\/pages"}],"about":[{"href":"https:\/\/doutorpragas.pt\/fr\/wp-json\/wp\/v2\/types\/page"}],"author":[{"embeddable":true,"href":"https:\/\/doutorpragas.pt\/fr\/wp-json\/wp\/v2\/users\/1"}],"replies":[{"embeddable":true,"href":"https:\/\/doutorpragas.pt\/fr\/wp-json\/wp\/v2\/comments?post=1327"}],"version-history":[{"count":4,"href":"https:\/\/doutorpragas.pt\/fr\/wp-json\/wp\/v2\/pages\/1327\/revisions"}],"predecessor-version":[{"id":1700,"href":"https:\/\/doutorpragas.pt\/fr\/wp-json\/wp\/v2\/pages\/1327\/revisions\/1700"}],"wp:attachment":[{"href":"https:\/\/doutorpragas.pt\/fr\/wp-json\/wp\/v2\/media?parent=1327"}],"curies":[{"name":"wp","href":"https:\/\/api.w.org\/{rel}","templated":true}]}}