{"id":1462,"date":"2022-05-16T21:14:22","date_gmt":"2022-05-16T21:14:22","guid":{"rendered":"http:\/\/doutorpragas.pt\/presupuesto\/"},"modified":"2022-07-13T15:14:23","modified_gmt":"2022-07-13T15:14:23","slug":"doutor-pragas-presupuesto","status":"publish","type":"page","link":"https:\/\/doutorpragas.pt\/es\/doutor-pragas-presupuesto\/","title":{"rendered":"Presupuesto"},"content":{"rendered":"<p>[vc_row css=\u00bb.vc_custom_1468937449365{margin-bottom: 2.15rem !important;}\u00bb][vc_column][vc_column_text]<section class=\"post_featured\" style=\"margin-top:4rem\">\r\n         <div class=\"post_thumb\" data-image=\"https:\/\/doutorpragas.pt\/wp-content\/uploads\/2022\/06\/DSC02236-768x432.jpg\" data-title=\"\">\r\n            <a class=\"hover_icon hover_icon_view inited\" title=\"\" rel=\"prettyPhoto[slideshow]\"><img class=\"wp-post-image orcamento_imagem\" alt=\"\" src=\"https:\/\/doutorpragas.pt\/wp-content\/uploads\/2022\/06\/DSC02236-768x432.jpg\" itemprop=\"image\" width=\"1170\" height=\"659\"><\/a>\r\n         <\/div>\r\n      <\/section>\r\n   <div class=\"orcamento_formulario\">\r\n      <h2 class=\"sc_title sc_title_regular margin_bottom_medium\" style=\"margin-top:2rem\">Pida ya su presupuesto<\/h2>\r\n      <div role=\"form\" class=\"wpcf7\" id=\"wpcf7-f1652-o1\" lang=\"es-ES\" dir=\"ltr\">\n<div class=\"screen-reader-response\"><p role=\"status\" aria-live=\"polite\" aria-atomic=\"true\"><\/p> <ul><\/ul><\/div>\n<form action=\"\/es\/wp-json\/wp\/v2\/pages\/1462#wpcf7-f1652-o1\" method=\"post\" class=\"wpcf7-form init\" novalidate=\"novalidate\" data-status=\"init\">\n<div style=\"display: none;\">\n<input type=\"hidden\" name=\"_wpcf7\" value=\"1652\" \/>\n<input type=\"hidden\" name=\"_wpcf7_version\" value=\"5.5.6\" \/>\n<input type=\"hidden\" name=\"_wpcf7_locale\" value=\"es_ES\" \/>\n<input type=\"hidden\" name=\"_wpcf7_unit_tag\" value=\"wpcf7-f1652-o1\" \/>\n<input type=\"hidden\" name=\"_wpcf7_container_post\" value=\"0\" \/>\n<input type=\"hidden\" name=\"_wpcf7_posted_data_hash\" value=\"\" \/>\n<input type=\"hidden\" name=\"_wpcf7_recaptcha_response\" value=\"\" \/>\n<\/div>\n<div class=\"send_message\">\n<div class=\"orcamento_form\" style=\"display:flex; flex-wrap: wrap\">\n<div class=\"column-1_2\">\n<label><br \/>\n    <span class=\"wpcf7-form-control-wrap nome\"><input type=\"text\" name=\"nome\" value=\"\" size=\"40\" class=\"wpcf7-form-control wpcf7-text wpcf7-validates-as-required\" aria-required=\"true\" aria-invalid=\"false\" placeholder=\"Nombre*\" \/><\/span> <\/label>\n<\/div>\n<div class=\"column-1_2\">\n<label><br \/>\n    <span class=\"wpcf7-form-control-wrap email\"><input type=\"email\" name=\"email\" value=\"\" size=\"40\" class=\"wpcf7-form-control wpcf7-text wpcf7-email wpcf7-validates-as-required wpcf7-validates-as-email\" aria-required=\"true\" aria-invalid=\"false\" placeholder=\"Email*\" \/><\/span> <\/label>\n<\/div>\n<div class=\"column-1_2\">\n<label><br \/>\n    <span class=\"wpcf7-form-control-wrap servico\"><select name=\"servico\" class=\"wpcf7-form-control wpcf7-select wpcf7-validates-as-required\" aria-required=\"true\" aria-invalid=\"false\"><option value=\"Servicio*\">Servicio*<\/option><option value=\"Tratamento de T\u00e9rmitas\">Tratamento de T\u00e9rmitas<\/option><option value=\"Roedores\">Roedores<\/option><option value=\"Insectos\">Insectos<\/option><option value=\"Tratamientos por Depuraci\u00f3n\">Tratamientos por Depuraci\u00f3n<\/option><\/select><\/span> <\/label>\n<\/div>\n<div class=\"column-1_2\">\n<label><br \/>\n    <span class=\"wpcf7-form-control-wrap telefone\"><input type=\"tel\" name=\"telefone\" value=\"\" size=\"40\" class=\"wpcf7-form-control wpcf7-text wpcf7-tel wpcf7-validates-as-required wpcf7-validates-as-tel\" aria-required=\"true\" aria-invalid=\"false\" placeholder=\"Tel\u00e9fono*\" \/><\/span> <\/label>\n<\/div>\n<\/div>\n<p><label><br \/>\n    <span class=\"wpcf7-form-control-wrap your-message\"><textarea name=\"your-message\" cols=\"40\" rows=\"10\" class=\"wpcf7-form-control wpcf7-textarea\" aria-invalid=\"false\" placeholder=\"Mensaje\"><\/textarea><\/span> <\/label><\/p>\n<div style=\"display:flex;align-items: center;\"><span class=\"wpcf7-form-control-wrap your-consent\"><span class=\"wpcf7-form-control wpcf7-acceptance\"><span class=\"wpcf7-list-item\"><label><input type=\"checkbox\" name=\"your-consent\" value=\"1\" aria-invalid=\"false\" \/><span class=\"wpcf7-list-item-label\">\u00a0<\/span><\/label><\/span><\/span><\/span><\/p>\n<p>He le\u00eddo y acepto los <a href=\"https:\/\/doutorpragas.pt\/termos-condicoes\/\" target=\"_blank\">T\u00e9rminos y Condiciones<\/a> y la <a href=\"https:\/\/doutorpragas.pt\/politica-privacidade\/\" target=\"_blank\">Pol\u00edtica de Privacidad<\/a>.<\/p>\n<\/div>\n<span class=\"wpcf7-form-control-wrap recaptcha\"><span data-sitekey=\"6Ld3tgIhAAAAALWfaYMczDWRJDBFVTXRqjhIZydg\" class=\"wpcf7-form-control g-recaptcha wpcf7-recaptcha\"><\/span>\r\n<noscript>\r\n\t<div class=\"grecaptcha-noscript\">\r\n\t\t<iframe src=\"https:\/\/www.google.com\/recaptcha\/api\/fallback?k=6Ld3tgIhAAAAALWfaYMczDWRJDBFVTXRqjhIZydg\" frameborder=\"0\" scrolling=\"no\" width=\"310\" height=\"430\">\r\n\t\t<\/iframe>\r\n\t\t<textarea name=\"g-recaptcha-response\" rows=\"3\" cols=\"40\" placeholder=\"Aqu\u00ed la respuesta de reCAPTCHA\">\r\n\t\t<\/textarea>\r\n\t<\/div>\r\n<\/noscript>\r\n<\/span>\n<p><input type=\"submit\" value=\"Hacer Pedido\" class=\"wpcf7-form-control has-spinner wpcf7-submit\" \/>\n<\/p><\/div>\n<div class=\"wpcf7-response-output\" aria-hidden=\"true\"><\/div><\/form><\/div>\r\n   <\/div>[\/vc_column_text][\/vc_column][\/vc_row]<\/p>\n","protected":false},"excerpt":{"rendered":"<p>[vc_row css=\u00bb.vc_custom_1468937449365{margin-bottom: 2.15rem !important;}\u00bb][vc_column][vc_column_text][\/vc_column_text][\/vc_column][\/vc_row]<\/p>\n","protected":false},"author":1,"featured_media":0,"parent":0,"menu_order":0,"comment_status":"closed","ping_status":"closed","template":"","meta":[],"yoast_head":"<!-- This site is optimized with the Yoast SEO plugin v19.3 - https:\/\/yoast.com\/wordpress\/plugins\/seo\/ -->\n<title>P\u00eddanos un Presupuesto e Viva con Tranquilidad! - Doutor Pragas<\/title>\n<meta name=\"description\" content=\"No viva m\u00e1s con miedo y asegure su higiene y la de su espacio. P\u00eddanos un presupuesto gratuito para una vida m\u00e1s tranquila.\" \/>\n<meta name=\"robots\" content=\"index, follow, max-snippet:-1, max-image-preview:large, max-video-preview:-1\" \/>\n<link rel=\"canonical\" href=\"https:\/\/doutorpragas.pt\/es\/doutor-pragas-presupuesto\/\" \/>\n<meta property=\"og:locale\" content=\"es_ES\" \/>\n<meta property=\"og:type\" content=\"article\" \/>\n<meta property=\"og:title\" content=\"P\u00eddanos un Presupuesto e Viva con Tranquilidad! - Doutor Pragas\" \/>\n<meta property=\"og:description\" content=\"No viva m\u00e1s con miedo y asegure su higiene y la de su espacio. P\u00eddanos un presupuesto gratuito para una vida m\u00e1s tranquila.\" \/>\n<meta property=\"og:url\" content=\"https:\/\/doutorpragas.pt\/es\/doutor-pragas-presupuesto\/\" \/>\n<meta property=\"og:site_name\" content=\"Doutor Pragas\" \/>\n<meta property=\"article:modified_time\" content=\"2022-07-13T15:14:23+00:00\" \/>\n<meta name=\"twitter:card\" content=\"summary_large_image\" \/>\n<script type=\"application\/ld+json\" class=\"yoast-schema-graph\">{\"@context\":\"https:\/\/schema.org\",\"@graph\":[{\"@type\":\"WebSite\",\"@id\":\"https:\/\/doutorpragas.pt\/#website\",\"url\":\"https:\/\/doutorpragas.pt\/\",\"name\":\"Doutor Pragas\",\"description\":\"\",\"potentialAction\":[{\"@type\":\"SearchAction\",\"target\":{\"@type\":\"EntryPoint\",\"urlTemplate\":\"https:\/\/doutorpragas.pt\/?s={search_term_string}\"},\"query-input\":\"required name=search_term_string\"}],\"inLanguage\":\"es\"},{\"@type\":\"WebPage\",\"@id\":\"https:\/\/doutorpragas.pt\/es\/doutor-pragas-presupuesto\/\",\"url\":\"https:\/\/doutorpragas.pt\/es\/doutor-pragas-presupuesto\/\",\"name\":\"P\u00eddanos un Presupuesto e Viva con Tranquilidad! - Doutor Pragas\",\"isPartOf\":{\"@id\":\"https:\/\/doutorpragas.pt\/#website\"},\"datePublished\":\"2022-05-16T21:14:22+00:00\",\"dateModified\":\"2022-07-13T15:14:23+00:00\",\"description\":\"No viva m\u00e1s con miedo y asegure su higiene y la de su espacio. P\u00eddanos un presupuesto gratuito para una vida m\u00e1s tranquila.\",\"breadcrumb\":{\"@id\":\"https:\/\/doutorpragas.pt\/es\/doutor-pragas-presupuesto\/#breadcrumb\"},\"inLanguage\":\"es\",\"potentialAction\":[{\"@type\":\"ReadAction\",\"target\":[\"https:\/\/doutorpragas.pt\/es\/doutor-pragas-presupuesto\/\"]}]},{\"@type\":\"BreadcrumbList\",\"@id\":\"https:\/\/doutorpragas.pt\/es\/doutor-pragas-presupuesto\/#breadcrumb\",\"itemListElement\":[{\"@type\":\"ListItem\",\"position\":1,\"name\":\"In\u00edcio\",\"item\":\"https:\/\/doutorpragas.pt\/es\/\"},{\"@type\":\"ListItem\",\"position\":2,\"name\":\"Presupuesto\"}]}]}<\/script>\n<!-- \/ Yoast SEO plugin. -->","yoast_head_json":{"title":"P\u00eddanos un Presupuesto e Viva con Tranquilidad! - Doutor Pragas","description":"No viva m\u00e1s con miedo y asegure su higiene y la de su espacio. P\u00eddanos un presupuesto gratuito para una vida m\u00e1s tranquila.","robots":{"index":"index","follow":"follow","max-snippet":"max-snippet:-1","max-image-preview":"max-image-preview:large","max-video-preview":"max-video-preview:-1"},"canonical":"https:\/\/doutorpragas.pt\/es\/doutor-pragas-presupuesto\/","og_locale":"es_ES","og_type":"article","og_title":"P\u00eddanos un Presupuesto e Viva con Tranquilidad! - Doutor Pragas","og_description":"No viva m\u00e1s con miedo y asegure su higiene y la de su espacio. P\u00eddanos un presupuesto gratuito para una vida m\u00e1s tranquila.","og_url":"https:\/\/doutorpragas.pt\/es\/doutor-pragas-presupuesto\/","og_site_name":"Doutor Pragas","article_modified_time":"2022-07-13T15:14:23+00:00","twitter_card":"summary_large_image","schema":{"@context":"https:\/\/schema.org","@graph":[{"@type":"WebSite","@id":"https:\/\/doutorpragas.pt\/#website","url":"https:\/\/doutorpragas.pt\/","name":"Doutor Pragas","description":"","potentialAction":[{"@type":"SearchAction","target":{"@type":"EntryPoint","urlTemplate":"https:\/\/doutorpragas.pt\/?s={search_term_string}"},"query-input":"required name=search_term_string"}],"inLanguage":"es"},{"@type":"WebPage","@id":"https:\/\/doutorpragas.pt\/es\/doutor-pragas-presupuesto\/","url":"https:\/\/doutorpragas.pt\/es\/doutor-pragas-presupuesto\/","name":"P\u00eddanos un Presupuesto e Viva con Tranquilidad! - Doutor Pragas","isPartOf":{"@id":"https:\/\/doutorpragas.pt\/#website"},"datePublished":"2022-05-16T21:14:22+00:00","dateModified":"2022-07-13T15:14:23+00:00","description":"No viva m\u00e1s con miedo y asegure su higiene y la de su espacio. P\u00eddanos un presupuesto gratuito para una vida m\u00e1s tranquila.","breadcrumb":{"@id":"https:\/\/doutorpragas.pt\/es\/doutor-pragas-presupuesto\/#breadcrumb"},"inLanguage":"es","potentialAction":[{"@type":"ReadAction","target":["https:\/\/doutorpragas.pt\/es\/doutor-pragas-presupuesto\/"]}]},{"@type":"BreadcrumbList","@id":"https:\/\/doutorpragas.pt\/es\/doutor-pragas-presupuesto\/#breadcrumb","itemListElement":[{"@type":"ListItem","position":1,"name":"In\u00edcio","item":"https:\/\/doutorpragas.pt\/es\/"},{"@type":"ListItem","position":2,"name":"Presupuesto"}]}]}},"_links":{"self":[{"href":"https:\/\/doutorpragas.pt\/es\/wp-json\/wp\/v2\/pages\/1462"}],"collection":[{"href":"https:\/\/doutorpragas.pt\/es\/wp-json\/wp\/v2\/pages"}],"about":[{"href":"https:\/\/doutorpragas.pt\/es\/wp-json\/wp\/v2\/types\/page"}],"author":[{"embeddable":true,"href":"https:\/\/doutorpragas.pt\/es\/wp-json\/wp\/v2\/users\/1"}],"replies":[{"embeddable":true,"href":"https:\/\/doutorpragas.pt\/es\/wp-json\/wp\/v2\/comments?post=1462"}],"version-history":[{"count":4,"href":"https:\/\/doutorpragas.pt\/es\/wp-json\/wp\/v2\/pages\/1462\/revisions"}],"predecessor-version":[{"id":1680,"href":"https:\/\/doutorpragas.pt\/es\/wp-json\/wp\/v2\/pages\/1462\/revisions\/1680"}],"wp:attachment":[{"href":"https:\/\/doutorpragas.pt\/es\/wp-json\/wp\/v2\/media?parent=1462"}],"curies":[{"name":"wp","href":"https:\/\/api.w.org\/{rel}","templated":true}]}}