{"id":1456,"date":"2016-07-20T12:53:01","date_gmt":"2016-07-20T12:53:01","guid":{"rendered":"http:\/\/doutorpragas.pt\/sobre-nosotros\/"},"modified":"2024-04-12T09:50:30","modified_gmt":"2024-04-12T09:50:30","slug":"sobre-nosotros","status":"publish","type":"page","link":"https:\/\/doutorpragas.pt\/es\/sobre-nosotros\/","title":{"rendered":"Sobre Nosotros"},"content":{"rendered":"<p>[vc_row][vc_column][vc_column_text]<div id=\"sc_services_335272047_wrap\" class=\"sc_services_wrap\">\r\n     <div id=\"sc_services_335272047\" class=\"sc_services sc_services_style_services-1 sc_services_type_images  margin_bottom_huge aligncenter\" style=\"width:100%;\">\r\n        <h2 class=\"sc_services_title sc_item_title\">Sobre Nosotros<\/h2>\r\n        <div class=\"sc_services_descr sc_item_descr\"><p>Doutor Pragas presta servicios de desinfestaci\u00f3n de superior calidad, reconocimiento y referenciados. Se cre\u00f3 para responder a las necesidades del mercado en materia de control de plagas. Est\u00e1 legalmente constituida con c\u00f3digo de actividad econ\u00f3mica 81291 (actividades de desinfestaci\u00f3n, desratizaci\u00f3n y similares).<\/p>\n<p>Utilizamos las \u00faltimas t\u00e9cnicas de lucha contra el control de plagas, en particular cucarachas, ratas, hormigas, mosquitos, pulgas, garrapatas, entre otras, promovemos una eficaz prestaci\u00f3n de servicios, con seguridad y cuidado con las personas, con las dem\u00e1s especies que viven en su casa, y con el medio ambiente.<\/p>\n<p>Los servicios de control de plagas se ejecutan de conformidad con la legislaci\u00f3n vigente de la especialidad. Los productos y m\u00e9todos utilizados son aprobados por las autoridades \u00a0oficiales competentes. La aplicaci\u00f3n de los productos obedece a las reglas de uso industrial aprobadas por la Organizaci\u00f3n Mundial de la Salud y otros organismos internacionales para que solo se alcancen las plagas a combatir.<\/p>\n<p>Doutor Pragas est\u00e1 en constante innovaci\u00f3n y desarrollo, y constituye una gran apuesta de calidad y dinamismo en la implementaci\u00f3n de sistemas de control y monitorizaci\u00f3n de plagas, tanto en el \u00e1mbito de resoluci\u00f3n de problemas como en la prevenci\u00f3n de los mismos. Por esta raz\u00f3n, la prestaci\u00f3n de un servicio de control de plagas debe entenderse como un servicio profesional de confianza.<\/p>\n<p>Doutor Pragas est\u00e1 compuesta por un equipo profesional especializado y con alto grado de experiencia en la prevenci\u00f3n y combate de plagas. Posee un profundo conocimiento de las diversas metodolog\u00edas utilizadas en los servicios que efect\u00faa as\u00ed como en la biolog\u00eda de las plagas que controla.<\/p>\n<p>Doutor Pragas presta servicios en diversas entidades de ense\u00f1anza (escuelas,\u00a0 guarder\u00edas, guarder\u00edas, etc.), hospitales, cl\u00ednicas, bibliotecas, museos, superficies comerciales,\u00a0 restaurantes, hoteles, establecimientos penitenciarios, unidades industriales, condominios, edificios p\u00fablicos, aeropuertos, campings, ayuntamientos, instalaciones ganaderas, barcos,\u00a0 aeronaves, entre otros.<\/p>\n<p>Doutor Pragas posee en su empresa un t\u00e9cnico responsable de control de roedores y un operador autorizado en el control de roedores por la direcci\u00f3n regional del desarrollo agrario.<\/p>\n<\/div>\r\n        <div class=\"sc_columns columns_wrap sobre_galeria\" style=\"display:flex;flex-wrap:wrap\">\r\n           <div class=\"column-1_3 column_padding_bottom sobre_galeria_single\" href=\"https:\/\/doutorpragas.pt\/wp-content\/uploads\/2024\/04\/DSC01942-768x512.jpg\">\r\n         <div id=\"sc_services_335272047_1\" class=\"sc_services_item sc_services_item_1 odd first\">\r\n            <div class=\"sc_services_item_featured post_featured\">\r\n               <div class=\"post_thumb sobre_galeria_single_cnt\" data-image=\"https:\/\/doutorpragas.pt\/wp-content\/uploads\/2024\/04\/DSC01942-768x512.jpg\" data-title=\"Commercial Pest Control\">\r\n                  <a class=\"hover_icon hover_icon_link\"><img class=\"wp-post-image\" alt=\"Commercial Pest Control\" src=\"https:\/\/doutorpragas.pt\/wp-content\/uploads\/2024\/04\/DSC01942-768x512.jpg\" width=\"370\" height=\"222\"><\/a>\t\r\n               <\/div>\r\n            <\/div>\r\n            <div class=\"sc_services_item_content\">\r\n               \r\n            <\/div>\r\n         <\/div>\r\n      <\/div><div class=\"column-1_3 column_padding_bottom sobre_galeria_single\" href=\"https:\/\/doutorpragas.pt\/wp-content\/uploads\/2024\/04\/DSC02046-768x512.jpg\">\r\n         <div id=\"sc_services_335272047_1\" class=\"sc_services_item sc_services_item_1 odd first\">\r\n            <div class=\"sc_services_item_featured post_featured\">\r\n               <div class=\"post_thumb sobre_galeria_single_cnt\" data-image=\"https:\/\/doutorpragas.pt\/wp-content\/uploads\/2024\/04\/DSC02046-768x512.jpg\" data-title=\"Commercial Pest Control\">\r\n                  <a class=\"hover_icon hover_icon_link\"><img class=\"wp-post-image\" alt=\"Commercial Pest Control\" src=\"https:\/\/doutorpragas.pt\/wp-content\/uploads\/2024\/04\/DSC02046-768x512.jpg\" width=\"370\" height=\"222\"><\/a>\t\r\n               <\/div>\r\n            <\/div>\r\n            <div class=\"sc_services_item_content\">\r\n               \r\n            <\/div>\r\n         <\/div>\r\n      <\/div><div class=\"column-1_3 column_padding_bottom sobre_galeria_single\" href=\"https:\/\/doutorpragas.pt\/wp-content\/uploads\/2024\/04\/DSC01893-768x512.jpg\">\r\n         <div id=\"sc_services_335272047_1\" class=\"sc_services_item sc_services_item_1 odd first\">\r\n            <div class=\"sc_services_item_featured post_featured\">\r\n               <div class=\"post_thumb sobre_galeria_single_cnt\" data-image=\"https:\/\/doutorpragas.pt\/wp-content\/uploads\/2024\/04\/DSC01893-768x512.jpg\" data-title=\"Commercial Pest Control\">\r\n                  <a class=\"hover_icon hover_icon_link\"><img class=\"wp-post-image\" alt=\"Commercial Pest Control\" src=\"https:\/\/doutorpragas.pt\/wp-content\/uploads\/2024\/04\/DSC01893-768x512.jpg\" width=\"370\" height=\"222\"><\/a>\t\r\n               <\/div>\r\n            <\/div>\r\n            <div class=\"sc_services_item_content\">\r\n               \r\n            <\/div>\r\n         <\/div>\r\n      <\/div>\r\n        <\/div>\r\n     <\/div>\r\n     <!-- \/.sc_services -->\r\n  <\/div>[\/vc_column_text][\/vc_column][\/vc_row]<\/p>\n","protected":false},"excerpt":{"rendered":"<p>[vc_row][vc_column][vc_column_text][\/vc_column_text][\/vc_column][\/vc_row]<\/p>\n","protected":false},"author":1,"featured_media":0,"parent":0,"menu_order":0,"comment_status":"closed","ping_status":"closed","template":"","meta":[],"yoast_head":"<!-- This site is optimized with the Yoast SEO plugin v19.3 - https:\/\/yoast.com\/wordpress\/plugins\/seo\/ -->\n<title>Empresas de Desinfecci\u00f3n | Doutor Pragas - Control de Plagas<\/title>\n<meta name=\"description\" content=\"El Doctor Pragas ofrece el confort que usted necesita. Somos una de las empresas de desinfestaci\u00f3n en Ponta Delgada, capaz de ayudarle.\" \/>\n<meta name=\"robots\" content=\"index, follow, max-snippet:-1, max-image-preview:large, max-video-preview:-1\" \/>\n<link rel=\"canonical\" href=\"https:\/\/doutorpragas.pt\/es\/sobre-nosotros\/\" \/>\n<meta property=\"og:locale\" content=\"es_ES\" \/>\n<meta property=\"og:type\" content=\"article\" \/>\n<meta property=\"og:title\" content=\"Empresas de Desinfecci\u00f3n | Doutor Pragas - Control de Plagas\" \/>\n<meta property=\"og:description\" content=\"El Doctor Pragas ofrece el confort que usted necesita. Somos una de las empresas de desinfestaci\u00f3n en Ponta Delgada, capaz de ayudarle.\" \/>\n<meta property=\"og:url\" content=\"https:\/\/doutorpragas.pt\/es\/sobre-nosotros\/\" \/>\n<meta property=\"og:site_name\" content=\"Doutor Pragas\" \/>\n<meta property=\"article:modified_time\" content=\"2024-04-12T09:50:30+00:00\" \/>\n<meta name=\"twitter:card\" content=\"summary_large_image\" \/>\n<meta name=\"twitter:label1\" content=\"Tiempo de lectura\" \/>\n\t<meta name=\"twitter:data1\" content=\"1 minuto\" \/>\n<script type=\"application\/ld+json\" class=\"yoast-schema-graph\">{\"@context\":\"https:\/\/schema.org\",\"@graph\":[{\"@type\":\"WebSite\",\"@id\":\"https:\/\/doutorpragas.pt\/#website\",\"url\":\"https:\/\/doutorpragas.pt\/\",\"name\":\"Doutor Pragas\",\"description\":\"\",\"potentialAction\":[{\"@type\":\"SearchAction\",\"target\":{\"@type\":\"EntryPoint\",\"urlTemplate\":\"https:\/\/doutorpragas.pt\/?s={search_term_string}\"},\"query-input\":\"required name=search_term_string\"}],\"inLanguage\":\"es\"},{\"@type\":\"WebPage\",\"@id\":\"https:\/\/doutorpragas.pt\/es\/sobre-nosotros\/\",\"url\":\"https:\/\/doutorpragas.pt\/es\/sobre-nosotros\/\",\"name\":\"Empresas de Desinfecci\u00f3n | Doutor Pragas - Control de Plagas\",\"isPartOf\":{\"@id\":\"https:\/\/doutorpragas.pt\/#website\"},\"datePublished\":\"2016-07-20T12:53:01+00:00\",\"dateModified\":\"2024-04-12T09:50:30+00:00\",\"description\":\"El Doctor Pragas ofrece el confort que usted necesita. Somos una de las empresas de desinfestaci\u00f3n en Ponta Delgada, capaz de ayudarle.\",\"breadcrumb\":{\"@id\":\"https:\/\/doutorpragas.pt\/es\/sobre-nosotros\/#breadcrumb\"},\"inLanguage\":\"es\",\"potentialAction\":[{\"@type\":\"ReadAction\",\"target\":[\"https:\/\/doutorpragas.pt\/es\/sobre-nosotros\/\"]}]},{\"@type\":\"BreadcrumbList\",\"@id\":\"https:\/\/doutorpragas.pt\/es\/sobre-nosotros\/#breadcrumb\",\"itemListElement\":[{\"@type\":\"ListItem\",\"position\":1,\"name\":\"In\u00edcio\",\"item\":\"https:\/\/doutorpragas.pt\/es\/\"},{\"@type\":\"ListItem\",\"position\":2,\"name\":\"Sobre Nosotros\"}]}]}<\/script>\n<!-- \/ Yoast SEO plugin. -->","yoast_head_json":{"title":"Empresas de Desinfecci\u00f3n | Doutor Pragas - Control de Plagas","description":"El Doctor Pragas ofrece el confort que usted necesita. Somos una de las empresas de desinfestaci\u00f3n en Ponta Delgada, capaz de ayudarle.","robots":{"index":"index","follow":"follow","max-snippet":"max-snippet:-1","max-image-preview":"max-image-preview:large","max-video-preview":"max-video-preview:-1"},"canonical":"https:\/\/doutorpragas.pt\/es\/sobre-nosotros\/","og_locale":"es_ES","og_type":"article","og_title":"Empresas de Desinfecci\u00f3n | Doutor Pragas - Control de Plagas","og_description":"El Doctor Pragas ofrece el confort que usted necesita. Somos una de las empresas de desinfestaci\u00f3n en Ponta Delgada, capaz de ayudarle.","og_url":"https:\/\/doutorpragas.pt\/es\/sobre-nosotros\/","og_site_name":"Doutor Pragas","article_modified_time":"2024-04-12T09:50:30+00:00","twitter_card":"summary_large_image","twitter_misc":{"Tiempo de lectura":"1 minuto"},"schema":{"@context":"https:\/\/schema.org","@graph":[{"@type":"WebSite","@id":"https:\/\/doutorpragas.pt\/#website","url":"https:\/\/doutorpragas.pt\/","name":"Doutor Pragas","description":"","potentialAction":[{"@type":"SearchAction","target":{"@type":"EntryPoint","urlTemplate":"https:\/\/doutorpragas.pt\/?s={search_term_string}"},"query-input":"required name=search_term_string"}],"inLanguage":"es"},{"@type":"WebPage","@id":"https:\/\/doutorpragas.pt\/es\/sobre-nosotros\/","url":"https:\/\/doutorpragas.pt\/es\/sobre-nosotros\/","name":"Empresas de Desinfecci\u00f3n | Doutor Pragas - Control de Plagas","isPartOf":{"@id":"https:\/\/doutorpragas.pt\/#website"},"datePublished":"2016-07-20T12:53:01+00:00","dateModified":"2024-04-12T09:50:30+00:00","description":"El Doctor Pragas ofrece el confort que usted necesita. Somos una de las empresas de desinfestaci\u00f3n en Ponta Delgada, capaz de ayudarle.","breadcrumb":{"@id":"https:\/\/doutorpragas.pt\/es\/sobre-nosotros\/#breadcrumb"},"inLanguage":"es","potentialAction":[{"@type":"ReadAction","target":["https:\/\/doutorpragas.pt\/es\/sobre-nosotros\/"]}]},{"@type":"BreadcrumbList","@id":"https:\/\/doutorpragas.pt\/es\/sobre-nosotros\/#breadcrumb","itemListElement":[{"@type":"ListItem","position":1,"name":"In\u00edcio","item":"https:\/\/doutorpragas.pt\/es\/"},{"@type":"ListItem","position":2,"name":"Sobre Nosotros"}]}]}},"_links":{"self":[{"href":"https:\/\/doutorpragas.pt\/es\/wp-json\/wp\/v2\/pages\/1456"}],"collection":[{"href":"https:\/\/doutorpragas.pt\/es\/wp-json\/wp\/v2\/pages"}],"about":[{"href":"https:\/\/doutorpragas.pt\/es\/wp-json\/wp\/v2\/types\/page"}],"author":[{"embeddable":true,"href":"https:\/\/doutorpragas.pt\/es\/wp-json\/wp\/v2\/users\/1"}],"replies":[{"embeddable":true,"href":"https:\/\/doutorpragas.pt\/es\/wp-json\/wp\/v2\/comments?post=1456"}],"version-history":[{"count":7,"href":"https:\/\/doutorpragas.pt\/es\/wp-json\/wp\/v2\/pages\/1456\/revisions"}],"predecessor-version":[{"id":2116,"href":"https:\/\/doutorpragas.pt\/es\/wp-json\/wp\/v2\/pages\/1456\/revisions\/2116"}],"wp:attachment":[{"href":"https:\/\/doutorpragas.pt\/es\/wp-json\/wp\/v2\/media?parent=1456"}],"curies":[{"name":"wp","href":"https:\/\/api.w.org\/{rel}","templated":true}]}}